{"id":7595,"date":"2025-02-20T10:32:44","date_gmt":"2025-02-20T10:32:44","guid":{"rendered":"https:\/\/www.cardifffamilies.co.uk\/?page_id=7595"},"modified":"2025-02-20T10:33:49","modified_gmt":"2025-02-20T10:33:49","slug":"cymorth-i-blant-neu-bobl-ifanc-niwroamrywiol-au-teuluoedd","status":"publish","type":"page","link":"https:\/\/www.cardifffamilies.co.uk\/cy\/rhieni-a-gofalwyr\/plant-ag-anableddau-neu-anghenion-ychwanegol\/cymorth-i-blant-neu-bobl-ifanc-niwroamrywiol-au-teuluoedd\/","title":{"rendered":"Cymorth i blant neu bobl ifanc niwroamrywiol a&#8217;u teuluoedd"},"content":{"rendered":"<p>Mae sawl sefydliad sy\u2019n gallu rhoi cyngor a chymorth i chi os yw&#8217;ch plentyn neu&#8217;ch person ifanc yn niwroamrywiol.<\/p>\n<h2>Niwrowahaniaeth Cymru<\/h2>\n<p>Gallwch ddod o hyd i wybodaeth am beth yw niwrowahaniaeth, a pha wasanaethau a hyfforddiant sydd ar gael ar-lein ac ar draws Cymru, trwy fynd i <a href=\"https:\/\/neurodivergencewales.org\/cy\/\">\u00a0wefan Niwrowahaniaeth Cymru<\/a>.<\/p>\n<h2>Cygnet<\/h2>\n<p>Mae Cygnet yn rhaglen 7 wythnos i rieni a gofalwyr plant a phobl ifanc 5-18 oed sydd \u00e2 diagnosis o gyflwr ar y sbectrwm awtistig (CSA).<\/p>\n<p>Mae\u2019r rhaglen yn gallu eich helpu i gynyddu eich hyder, eich gwybodaeth a&#8217;ch dealltwriaeth o&#8217;r cyflwr ac atebion ymarferol i heriau cyffredin y gallech chi neu&#8217;ch plentyn fod yn eu hwynebu. Mae Cygnet yn gallu eich helpu pan fo anghenion eich plentyn newid wrth iddo fynd yn h\u0177n.<\/p>\n<p>Gallwch hefyd ymuno \u00e2 gr\u0175p i gwrdd \u00e2 rhieni a gofalwyr eraill sydd mewn sefyllfa debyg.<\/p>\n<h3>Yr hyn mae\u2019r rhaglen yn cwmpasu<\/h3>\n<p>Mae 7 sesiwn dros 7 wythnos:<\/p>\n<ol>\n<li>Sesiwn gyflwyno<br \/>\nCyfle i gwrdd ag aelodau eraill y gr\u0175p a thrafod amcanion a chynnwys y rhaglen, gan edrych ar yr hyn rydyn ni\u2019n ei wybod eisoes am gyflyrau\u2019r sbectrwm awtistig (CSAau).<\/li>\n<li>Awtistiaeth a diagnosis<br \/>\nTrafod yr heriau y mae plant \u00e2 CSAau yn eu hwynebu ynghyd \u00e2\u2019u cryfderau a\u2019ch taith eich hunain fel rhieni.<\/li>\n<li>Prosesu synhwyraidd<br \/>\nGolwg fanwl ar y synhwyrau a\u2019r problemau synhwyraidd y gall plant \u00e2 CSAau eu hwynebu, gyda syniadau ar gyfer strategaethau ac adnoddau i gefnogi hyn.<\/li>\n<li>Cyfathrebu<br \/>\nSesiwn am sut mae cyfathrebu\u2019n gallu bod yn wahanol i blant \u00e2 CSAau, ac adnoddau a strategaethau a allai gefnogi plant gyda lefelau cyfathrebu llafar gwahanol.<\/li>\n<li>Deall ymddygiad plant \u00e2 CSAau<br \/>\nDatblygu gwybodaeth am swyddogaethau posibl ymddygiad plant \u00e2 CSAau a chyflwyno fframwaith ymddygiad sy\u2019n gallu cael ei ddefnyddio i ddeall ymddygiad eich plentyn.<\/li>\n<li>Cefnogi ymddygiad<br \/>\nAil sesiwn am ymddygiad, gan edrych ar fframweithiau a syniadau eraill o ran sut i dderbyn cymorth.<\/li>\n<li>Eich dewis chi<br \/>\nCyfle i drafod pynciau o&#8217;ch dewis chi.<\/li>\n<\/ol>\n<h3>Sut mae&#8217;r rhaglen yn gweithio?<\/h3>\n<p>Mae\u2019r rhaglen yn cael ei chyflwyno gan ymarferwyr o D\u00eem Rhianta Caerdydd.<\/p>\n<p>Mae pob sesiwn yn para rhwng 2 a 3 awr. Mae sesiynau\u2019n gallu cael eu cynnal wyneb yn wyneb neu ar-lein.<\/p>\n<p>Rydym yn argymell eich bod yn mynd i bob un o&#8217;r 7 sesiwn i elwa cymaint \u00e2 phosibl o&#8217;r rhaglen. Mae pob sesiwn yn adeiladu ar yr un blaenorol.<\/p>\n<p>Os na allwch fynd i sesiwn gr\u0175p, rydyn ni\u2019n gallu gweithio gyda chi&#8217;n unigol. Ar gyfer y sesiynau unigol, byddwn yn anfon yr wybodaeth atoch ac yn trefnu galwad bob wythnos i\u2019w thrafod gyda&#8217;n gilydd.<\/p>\n<p>Mae croeso i chi ddod ar eich pen eich hun neu gyda rhywun arall sy\u2019n gofalu am eich plentyn. Er enghraifft, neiniau a theidiau neu weithwyr cymorth o&#8217;r ysgol.<\/p>\n<p>Rydyn ni\u2019n gallu gweithio gyda chi ar adeg sy&#8217;n gyfleus i chi.<\/p>\n<h2>Cael diagnosis<\/h2>\n<p>Mae Gwasanaeth Niwroddatblygiadol Bwrdd Iechyd Prifysgol Caerdydd a&#8217;r Fro yn darparu asesiad arbenigol ar gyfer plant a phobl ifanc.<\/p>\n<p>Darllenwch fwy <a href=\"https:\/\/cavyoungneurodevelopment.wales\/cy\/\">am y broses a chael diagnosis<\/a>.<\/p>\n<h2>Angen mwy o help?<\/h2>\n<p>Os nad ydych yn si\u0175r o hyd pa gymorth sy&#8217;n iawn i chi, cysylltwch \u00e2 ni. Mae ein cynghorwyr yn gallu eich helpu i ddod o hyd i&#8217;r cymorth cywir i chi a&#8217;ch teulu.<\/p>\n<p>Gallwch chi gysylltu \u00e2 ni drwy:<\/p>\n<ul>\n<li><a href=\"https:\/\/apps8.cardiff.gov.uk\/early-help-referral\/cym\/information\">lenwi ffurflen atgyfeirio Cymorth Cynnar<\/a>,<\/li>\n<li>dechrau sgwrs we, neu<\/li>\n<li>ffonio <a href=\"tel:03000 133 133\">03000 133 133<\/a>.<\/li>\n<\/ul>\n","protected":false},"excerpt":{"rendered":"Mae sawl sefydliad sy\u2019n gallu rhoi cyngor a chymorth i chi os yw&#8217;ch plentyn neu&#8217;ch person ifanc yn niwroamrywiol. Niwrowahaniaeth Cymru Gallwch ddod o hyd i wybodaeth am beth yw niwrowahaniaeth, a pha wasanaethau a hyfforddiant sydd ar gael ar-lein ac ar draws Cymru, trwy fynd i \u00a0wefan Niwrowahaniaeth Cymru. Cygnet Mae Cygnet yn rhaglen&#8230; <a class=\"view-article\" href=\"https:\/\/www.cardifffamilies.co.uk\/cy\/rhieni-a-gofalwyr\/plant-ag-anableddau-neu-anghenion-ychwanegol\/cymorth-i-blant-neu-bobl-ifanc-niwroamrywiol-au-teuluoedd\/\">View Article<\/a>","protected":false},"author":1,"featured_media":7486,"parent":7591,"menu_order":0,"comment_status":"closed","ping_status":"closed","template":"FeaturedImage.php","meta":{"_acf_changed":false,"footnotes":""},"class_list":["post-7595","page","type-page","status-publish","has-post-thumbnail","hentry"],"acf":[],"_links":{"self":[{"href":"https:\/\/www.cardifffamilies.co.uk\/cy\/wp-json\/wp\/v2\/pages\/7595","targetHints":{"allow":["GET"]}}],"collection":[{"href":"https:\/\/www.cardifffamilies.co.uk\/cy\/wp-json\/wp\/v2\/pages"}],"about":[{"href":"https:\/\/www.cardifffamilies.co.uk\/cy\/wp-json\/wp\/v2\/types\/page"}],"author":[{"embeddable":true,"href":"https:\/\/www.cardifffamilies.co.uk\/cy\/wp-json\/wp\/v2\/users\/1"}],"replies":[{"embeddable":true,"href":"https:\/\/www.cardifffamilies.co.uk\/cy\/wp-json\/wp\/v2\/comments?post=7595"}],"version-history":[{"count":3,"href":"https:\/\/www.cardifffamilies.co.uk\/cy\/wp-json\/wp\/v2\/pages\/7595\/revisions"}],"predecessor-version":[{"id":7600,"href":"https:\/\/www.cardifffamilies.co.uk\/cy\/wp-json\/wp\/v2\/pages\/7595\/revisions\/7600"}],"up":[{"embeddable":true,"href":"https:\/\/www.cardifffamilies.co.uk\/cy\/wp-json\/wp\/v2\/pages\/7591"}],"wp:featuredmedia":[{"embeddable":true,"href":"https:\/\/www.cardifffamilies.co.uk\/cy\/wp-json\/wp\/v2\/media\/7486"}],"wp:attachment":[{"href":"https:\/\/www.cardifffamilies.co.uk\/cy\/wp-json\/wp\/v2\/media?parent=7595"}],"curies":[{"name":"wp","href":"https:\/\/api.w.org\/{rel}","templated":true}]}}