{"id":271,"date":"2019-06-25T13:43:13","date_gmt":"2019-06-25T13:43:13","guid":{"rendered":"https:\/\/app-cprd-familyadvice.azurewebsites.net\/?page_id=271"},"modified":"2025-05-29T12:29:22","modified_gmt":"2025-05-29T12:29:22","slug":"gweithgareddau-plant-a-phobl-ifanc","status":"publish","type":"page","link":"https:\/\/www.cardifffamilies.co.uk\/cy\/gweithgareddau-plant-a-phobl-ifanc\/","title":{"rendered":"Gweithgareddau plant a phobl ifanc"},"content":{"rendered":"<div class=\"wpb-content-wrapper\"><p>[vc_row css=&#8221;.vc_custom_1628591232124{padding-top: 45px !important;}&#8221;][vc_column][vc_column_text css=&#8221;&#8221;]Dewch o hyd i wybodaeth a chyngor ar gyfer plant a phobl ifanc.[\/vc_column_text][\/vc_column][\/vc_row][vc_row css=&#8221;.vc_custom_1590750257980{margin-top: 20px !important;}&#8221;][vc_column width=&#8221;2\/3&#8243;][vc_column_text]<\/p>\n<h2><span class=\"fontstyle0\">Beth Nesaf? Eich Bywyd. Eich Dyfodol.<\/span><\/h2>\n<h3>\u00a0<span class=\"fontstyle0\">Gwefan i bobl ifanc, sy&#8217;n cynnal darpariaeth a chyfleoedd sydd ar gael yng Nghaerdydd.<\/span><\/h3>\n<p><span class=\"fontstyle0\">&#8220;Bobl ifanc Caerdydd! Ydych chi a&#8217;ch ffrindiau wedi drysu yngl\u0177n \u00e2&#8217;r dyfodol? Fel Brandon, gallwch ddysgu am gyfleoedd cyffrous i bobl ifanc ar wefan &#8216;Beth Nesaf?&#8217; <a href=\"http:\/\/www.caerdydd.gov.uk\/bethnesaf\" rel=\"noopener\">www.caerdydd.gov.uk\/bethnesaf<\/a><\/span>[\/vc_column_text][\/vc_column][vc_column width=&#8221;1\/3&#8243;][vc_single_image image=&#8221;5432&#8243; img_size=&#8221;full&#8221; alignment=&#8221;center&#8221; style=&#8221;vc_box_border&#8221; el_class=&#8221;imagedropshadow&#8221;][\/vc_column][\/vc_row][vc_row][vc_column][vc_separator color=&#8221;violet&#8221;][\/vc_column][\/vc_row][vc_row css=&#8221;.vc_custom_1558096941525{padding-top: 40px !important;}&#8221;][vc_column css=&#8221;.vc_custom_1558103806390{padding-right: 5% !important;}&#8221;][vc_column_text]Rydym yn gwybod pa mor bwysig yw gallu cael mynediad i\u2019r gwasanaeth iawn ar yr amser iawn.<\/p>\n<p>Os ydych yn byw yng Nghaerdydd ac rydych dan 25 oed, mae Cymorth a Chefnogaeth Teuluoedd Caerdydd yn cynnig gwasanaeth am ddim gan roi cymorth, arweiniad a gwybodaeth i bobl ifanc.<\/p>\n<p>Bydd staff y gwasanaeth yn gwrando ar yr hyn sydd gennych i\u2019w ddweud, a gallant gynnig cymorth uniongyrchol neu bydd yn eich galluogi i ddod o hyd i\u2019r gwasanaeth gorau i chi.<\/p>\n<p>Os byddwch yn cysylltu \u00e2 ni, byddwn ni\u2019n trafod eich pryderon \u00e2 chi a naill ai\u2019n gweithio gyda chi a\u2019ch teulu yn uniongyrchol neu\u2019n eich rhoi mewn cysylltiad \u00e2\u2019r gwasanaeth sy\u2019n iawn i chi.<\/p>\n<p>Mae Cyngor a Chymorth i Deuluoedd Caerdydd yn rhoi gwybodaeth, cyngor neu gymorth i chi mewn perthynas \u00e2\u2019r canlynol:[\/vc_column_text][\/vc_column][\/vc_row][vc_row][vc_column][vc_tta_tour style=&#8221;modern&#8221; shape=&#8221;round&#8221; color=&#8221;mulled-wine&#8221; active_section=&#8221;1&#8243;][vc_tta_section title=&#8221;Bod yn ddiogel&#8221; tab_id=&#8221;1591107633575-1217a907-a3b9&#8243;][vc_row_inner][vc_column_inner width=&#8221;2\/3&#8243;][vc_column_text]Gwasanaeth dynodedig yw Rise sy\u2019n cynnig cymorth emosiynol ac ymarferol arbenigol i blant a phobl ifanc y mae trais\/cam-drin domestig yn effeithio arnynt.[\/vc_column_text][\/vc_column_inner][vc_column_inner width=&#8221;1\/3&#8243;][vc_single_image image=&#8221;3117&#8243; alignment=&#8221;center&#8221; style=&#8221;vc_box_shadow&#8221; onclick=&#8221;custom_link&#8221; link=&#8221;https:\/\/rise-cardiff.cymru\/who-we-help\/young-people\/&#8221;][\/vc_column_inner][\/vc_row_inner][vc_separator color=&#8221;violet&#8221;][vc_row_inner][vc_column_inner width=&#8221;2\/3&#8243;][vc_column_text]Mae Fearless yn wasanaeth sy\u2019n eich galluogi i roi gwybod am drosedd mewn ffordd sydd 100% yn anhysbys. Mae hyn yn golygu nad oes angen i chi roi unrhyw fanylion personol.[\/vc_column_text][\/vc_column_inner][vc_column_inner width=&#8221;1\/3&#8243;][vc_single_image image=&#8221;3119&#8243; img_size=&#8221;full&#8221; alignment=&#8221;center&#8221; style=&#8221;vc_box_shadow&#8221; onclick=&#8221;custom_link&#8221; link=&#8221;https:\/\/www.fearless.org\/cy&#8221;][\/vc_column_inner][\/vc_row_inner][vc_separator color=&#8221;violet&#8221;][vc_row_inner][vc_column_inner width=&#8221;2\/3&#8243;][vc_column_text]Heddlu de Cymru[\/vc_column_text][\/vc_column_inner][vc_column_inner width=&#8221;1\/3&#8243;][vc_single_image image=&#8221;3121&#8243; img_size=&#8221;full&#8221; alignment=&#8221;center&#8221; style=&#8221;vc_box_shadow&#8221; onclick=&#8221;custom_link&#8221; link=&#8221;https:\/\/www.south-wales.police.uk\/cy\/cartref\/&#8221;][\/vc_column_inner][\/vc_row_inner][vc_separator color=&#8221;violet&#8221;][vc_row_inner][vc_column_inner width=&#8221;2\/3&#8243;][vc_column_text]Gellir dod o hyd i wybodaeth ychwanegol am fod yn ddiogel yng Nghaerdydd ar Dewis Cymru[\/vc_column_text][\/vc_column_inner][vc_column_inner width=&#8221;1\/3&#8243;][vc_single_image image=&#8221;1613&#8243; alignment=&#8221;center&#8221; style=&#8221;vc_box_shadow&#8221; onclick=&#8221;custom_link&#8221; link=&#8221;https:\/\/www.dewis.cymru\/SearchResults.aspx?q=Bod+yn+ddiogel&amp;loc=&amp;geo=&amp;d=&amp;t=1&amp;c=&amp;a=W06000015&amp;o=&amp;sf=&amp;st=-1&amp;nr=1&amp;nip=0&amp;af=#results&#8221;][\/vc_column_inner][\/vc_row_inner][\/vc_tta_section][vc_tta_section title=&#8221;Lles&#8221; tab_id=&#8221;1591104734143-bbb93341-cc64&#8243;][vc_row_inner][vc_column_inner width=&#8221;2\/3&#8243;][vc_column_text]Mind Hub, a gr\u00ebwyd gan bobl ifanc ar gyfer pobl ifanc. Mae&#8217;n darparu gwybodaeth a chysylltiadau \u00e2 gwasanaethau mewn perthynas \u00e2&#8217;ch iechyd a&#8217;ch lles emosiynol.[\/vc_column_text][\/vc_column_inner][vc_column_inner width=&#8221;1\/3&#8243;][vc_single_image image=&#8221;3215&#8243; img_size=&#8221;medium&#8221; alignment=&#8221;center&#8221; style=&#8221;vc_box_shadow&#8221; onclick=&#8221;custom_link&#8221; link=&#8221;http:\/\/hybmeddwl.cymru\/&#8221;][\/vc_column_inner][\/vc_row_inner][vc_separator color=&#8221;violet&#8221;][vc_row_inner][vc_column_inner width=&#8221;2\/3&#8243;][vc_column_text]Mae Change Grow Live yn elusen sy&#8217;n cefnogi pobl i newid eu bywydau er gwell.[\/vc_column_text][\/vc_column_inner][vc_column_inner width=&#8221;1\/3&#8243;][vc_single_image image=&#8221;3130&#8243; img_size=&#8221;full&#8221; alignment=&#8221;center&#8221; style=&#8221;vc_box_shadow&#8221; onclick=&#8221;custom_link&#8221; link=&#8221;https:\/\/www.changegrowlive.org\/&#8221;][\/vc_column_inner][\/vc_row_inner][vc_separator color=&#8221;violet&#8221;][vc_row_inner][vc_column_inner width=&#8221;2\/3&#8243;][vc_column_text]\u201cRhywun ar eich ochr chi.\u201d Llinell gymorth Gwybodaeth, cyngor ac eiriolaeth ar gyfer plant a phobl ifanc.[\/vc_column_text][\/vc_column_inner][vc_column_inner width=&#8221;1\/3&#8243;][vc_single_image image=&#8221;3135&#8243; img_size=&#8221;full&#8221; alignment=&#8221;center&#8221; style=&#8221;vc_box_shadow&#8221; onclick=&#8221;custom_link&#8221; link=&#8221;https:\/\/www.meiccymru.org\/cym\/&#8221;][\/vc_column_inner][\/vc_row_inner][vc_separator color=&#8221;violet&#8221;][vc_row_inner][vc_column_inner width=&#8221;2\/3&#8243;][vc_column_text]Gellir dod o hyd i wybodaeth ychwanegol am les plant a phobl ifanc yng Nghaerdydd ar Dewis Cymru.[\/vc_column_text][\/vc_column_inner][vc_column_inner width=&#8221;1\/3&#8243;][vc_single_image image=&#8221;1613&#8243; alignment=&#8221;center&#8221; style=&#8221;vc_box_shadow&#8221; onclick=&#8221;custom_link&#8221; link=&#8221;https:\/\/www.dewis.cymru\/SearchResults.aspx?q=lles+plant+a+phobl+ifanc&amp;loc=&amp;d=&amp;c=&amp;a=W06000015&amp;f=&amp;t=1&amp;o=&amp;st=-1&amp;nr=1&amp;nip=0&amp;l=&amp;af=&#8221;][\/vc_column_inner][\/vc_row_inner][\/vc_tta_section][vc_tta_section title=&#8221;Iechyd corfforol, emosiynol a meddyliol&#8221; tab_id=&#8221;1590766984283-82e2110c-f92c&#8221;][vc_row_inner][vc_column_inner width=&#8221;2\/3&#8243;][vc_column_text]Gwasanaeth iechyd rhywiol a pherthnasoedd arbenigol a chyfrinachol wedi\u2019i deilwra i bobl ifanc 11-25 oed yng Nghaerdydd.[\/vc_column_text][\/vc_column_inner][vc_column_inner width=&#8221;1\/3&#8243;][vc_single_image image=&#8221;3141&#8243; img_size=&#8221;medium&#8221; alignment=&#8221;center&#8221; style=&#8221;vc_box_shadow&#8221; onclick=&#8221;custom_link&#8221; link=&#8221;http:\/\/www.ymcacardiff.wales\/about\/what-we-do\/health-wellbeing\/healthy-relationship-service\/&#8221;][\/vc_column_inner][\/vc_row_inner][vc_separator color=&#8221;violet&#8221;][vc_row_inner][vc_column_inner width=&#8221;2\/3&#8243;][vc_column_text]Gellir dod o hyd i wybodaeth ychwanegol am iechyd plant a phobl ifanc\u00a0yng Nghaerdydd ar Dewis Cymru[\/vc_column_text][\/vc_column_inner][vc_column_inner width=&#8221;1\/3&#8243;][vc_single_image image=&#8221;1613&#8243; alignment=&#8221;center&#8221; style=&#8221;vc_box_shadow&#8221; onclick=&#8221;custom_link&#8221; link=&#8221;https:\/\/www.dewis.cymru\/SearchResults.aspx?q=iechyd+plant+a+phobl+ifanc&amp;loc=&amp;d=&amp;c=&amp;a=W06000015&amp;f=&amp;t=1&amp;o=&amp;st=-1&amp;nr=1&amp;nip=0&amp;l=&amp;af=&#8221;][\/vc_column_inner][\/vc_row_inner][\/vc_tta_section][vc_tta_section title=&#8221;Cyflogaeth&#8221; tab_id=&#8221;1591108453906-7d170ea9-36a2&#8243;][vc_row_inner][vc_column_inner width=&#8221;2\/3&#8243;][vc_column_text]Mae\u2019r\u00a0Gwasanaeth i Mewn i Waith\u00a0yn cynnig cymorth cyflogaeth a digidol i unigolion sy\u2019n chwilio am gyflogaeth neu sydd eisiau uwch-sgilio. Does dim angen i chi fod allan o waith i ddefnyddio\u2019r gwasanaethau hyn.<\/p>\n<p><strong>I Geiswyr Gwaith<\/strong>\u00a0\u2013 Rydym yn cynnig cymorth un i un a gwasanaeth mentora dwys drwy brojectau a ariennir yn lleol a chyfleoedd gwirfoddoli. Manteisiwch ar gymorth gan\u00a0<a href=\"https:\/\/www.intoworkcardiff.co.uk\/cy\/digwyddiadau\/lleoliadau\/\" rel=\"noopener noreferrer\">20 o leoliadau gwahanol yng Nghaerdydd<\/a>.<\/p>\n<p>Mae gennym d\u00eem ieuenctid arbenigol sy\u2019n helpu pobl ifanc rhwng 16 a 24 oed sydd \u00e2 mentoriaid arbenigol i roi cymorth un i un i ddod o hyd i brofiad gwaith, swyddi a hyfforddiant.[\/vc_column_text][\/vc_column_inner][vc_column_inner width=&#8221;1\/3&#8243; css=&#8221;.vc_custom_1591111880467{margin-top: 30% !important;}&#8221;][vc_single_image image=&#8221;2952&#8243; alignment=&#8221;center&#8221; style=&#8221;vc_box_shadow&#8221; onclick=&#8221;custom_link&#8221; link=&#8221;https:\/\/www.intoworkcardiff.co.uk\/cy\/&#8221;][\/vc_column_inner][\/vc_row_inner][vc_separator color=&#8221;violet&#8221;][vc_row_inner][vc_column_inner width=&#8221;2\/3&#8243;][vc_column_text]Gellir dod o hyd i wybodaeth ychwanegol am Cyflogaeth yng Nghaerdydd ar Dewis Cymru[\/vc_column_text][\/vc_column_inner][vc_column_inner width=&#8221;1\/3&#8243;][vc_single_image image=&#8221;1613&#8243; alignment=&#8221;center&#8221; style=&#8221;vc_box_shadow&#8221; onclick=&#8221;custom_link&#8221; link=&#8221;https:\/\/www.dewis.cymru\/SearchResults.aspx?q=cyflogaeth&amp;loc=&amp;d=&amp;c=&amp;a=W06000015&amp;f=&amp;t=1&amp;o=&amp;st=-1&amp;nr=1&amp;nip=0&amp;l=&amp;af=&#8221;][\/vc_column_inner][\/vc_row_inner][\/vc_tta_section][vc_tta_section title=&#8221;Arian&#8221; tab_id=&#8221;1591108796852-c2660c9c-0962&#8243;][vc_row_inner][vc_column_inner width=&#8221;2\/3&#8243;][vc_column_text]Help gyda rheoli eich arian a\u2019ch dyledion.<\/p>\n<p>Gall delio \u00e2 materion ariannol beri dryswch, ond os nad ydych yn deall sut mae pethau fel credyd neu forgeisi\u2019n gweithio, gallech fod ar eich colled yn ariannol neu\u2019ch cael eich i ddyled.<\/p>\n<p>Os ydych yn cael trafferth i reoli eich arian, gallwn gynnig help a chefnogaeth mewn nifer o feysydd fel cyllidebu, cynyddu incwm a rheoli dyledion.[\/vc_column_text][\/vc_column_inner][vc_column_inner width=&#8221;1\/3&#8243;][vc_single_image image=&#8221;3283&#8243; img_size=&#8221;medium&#8221; alignment=&#8221;center&#8221; style=&#8221;vc_box_shadow&#8221; onclick=&#8221;custom_link&#8221; css=&#8221;.vc_custom_1591284730145{margin-top: 15% !important;}&#8221; link=&#8221;https:\/\/www.cardiffmoneyadvice.co.uk\/cy\/&#8221;][\/vc_column_inner][\/vc_row_inner][vc_separator color=&#8221;violet&#8221;][vc_row_inner][vc_column_inner width=&#8221;2\/3&#8243;][vc_column_text]Mae\u00a0hybiau\u2019n\u00a0cynnig nifer o wasanaethau dan un to o gyngor, budd-daliadau a thai yn ogystal \u00e2 digwyddiadau, hyfforddiant a mynediad i\u2019r rhyngrwyd.[\/vc_column_text][\/vc_column_inner][vc_column_inner width=&#8221;1\/3&#8243;][vc_single_image image=&#8221;2937&#8243; alignment=&#8221;center&#8221; style=&#8221;vc_box_shadow&#8221; onclick=&#8221;custom_link&#8221; link=&#8221;https:\/\/www.cardiff.gov.uk\/CYM\/preswylydd\/hybiau-a-swyddfeydd-tai\/Pages\/Hybiau.aspx&#8221;][\/vc_column_inner][\/vc_row_inner][vc_separator color=&#8221;violet&#8221;][vc_row_inner][vc_column_inner width=&#8221;2\/3&#8243;][vc_column_text]Gellir dod o hyd i wybodaeth ychwanegol am Arian yng Nghaerdydd ar Dewis Cymru[\/vc_column_text][\/vc_column_inner][vc_column_inner width=&#8221;1\/3&#8243;][vc_single_image image=&#8221;1613&#8243; alignment=&#8221;center&#8221; style=&#8221;vc_box_shadow&#8221; onclick=&#8221;custom_link&#8221; link=&#8221;https:\/\/www.dewis.cymru\/SearchResults.aspx?q=arian&amp;loc=&amp;d=&amp;c=&amp;a=W06000015&amp;f=&amp;t=1&amp;o=&amp;st=-1&amp;nr=1&amp;nip=0&amp;l=&amp;af=&#8221;][\/vc_column_inner][\/vc_row_inner][\/vc_tta_section][vc_tta_section title=&#8221;Cymryd rhan&#8221; tab_id=&#8221;1591109528916-7f31190c-ef5a&#8221;][vc_row_inner][vc_column_inner width=&#8221;2\/3&#8243;][vc_column_text]Mae Senedd Ieuenctid y DU yn galluogi pobl ifanc i ddefnyddio eu hegni a\u2019u brwdfrydedd i newid y byd er gwell.[\/vc_column_text][\/vc_column_inner][vc_column_inner width=&#8221;1\/3&#8243;][vc_single_image image=&#8221;3161&#8243; img_size=&#8221;medium&#8221; alignment=&#8221;center&#8221; style=&#8221;vc_box_shadow&#8221; onclick=&#8221;custom_link&#8221; link=&#8221;https:\/\/www.byc.org.uk\/&#8221;][\/vc_column_inner][\/vc_row_inner][vc_separator color=&#8221;violet&#8221;][vc_row_inner][vc_column_inner width=&#8221;2\/3&#8243;][vc_column_text]Mae aelodau Senedd Ieuenctid Cymru yn tynnu sylw at faterion ac yn eu trafod ar lefel genedlaethol, gan gasglu barn pobl ifanc o bob rhan o Gymru a gweithio gyda\u2019r rheiny sydd \u00e2\u2019r p\u0175er i wneud newidiadau.[\/vc_column_text][\/vc_column_inner][vc_column_inner width=&#8221;1\/3&#8243;][vc_single_image image=&#8221;3163&#8243; alignment=&#8221;center&#8221; style=&#8221;vc_box_shadow&#8221; onclick=&#8221;custom_link&#8221; link=&#8221;https:\/\/www.seneddieuenctid.cymru\/hafan\/&#8221;][\/vc_column_inner][\/vc_row_inner][vc_separator color=&#8221;violet&#8221;][vc_row_inner][vc_column_inner width=&#8221;2\/3&#8243;][vc_column_text]Y rhwydwaith swyddogol ar gyfer pobl ifanc 11-25 oed yng Nghaerdydd, sy\u2019n hybu newid cadarnhaol i wneud Caerdydd yn lle gwell i fyw, gweithio a chwarae.[\/vc_column_text][\/vc_column_inner][vc_column_inner width=&#8221;1\/3&#8243;][vc_single_image image=&#8221;3169&#8243; img_size=&#8221;medium&#8221; alignment=&#8221;center&#8221; style=&#8221;vc_box_shadow&#8221; onclick=&#8221;custom_link&#8221; link=&#8221;https:\/\/cardiffyouthcouncil.com\/&#8221;][\/vc_column_inner][\/vc_row_inner][vc_separator color=&#8221;violet&#8221;][vc_row_inner][vc_column_inner width=&#8221;2\/3&#8243;][vc_column_text]Llwyfan i lais plant a phobl ifanc gael ei glywed ac i gyfeirio a dylanwadu ar ddyfodol y gwasanaeth iechyd yng Nghaerdydd a Bro Morgannwg.[\/vc_column_text][\/vc_column_inner][vc_column_inner width=&#8221;1\/3&#8243;][vc_single_image image=&#8221;3178&#8243; img_size=&#8221;medium&#8221; alignment=&#8221;center&#8221; style=&#8221;vc_box_shadow&#8221; onclick=&#8221;custom_link&#8221; link=&#8221;http:\/\/www.billcaerdyddarfro.cymru.nhs.uk\/&#8221;][\/vc_column_inner][\/vc_row_inner][vc_separator color=&#8221;violet&#8221;][vc_row_inner][vc_column_inner][vc_column_text]<a href=\"https:\/\/www.cardiffyouthservices.wales\/index.php\/cy\/\" rel=\"noopener\">Mae Gwasanaeth Ieuenctid Caerdydd<\/a> yn gweithio gyda phobl ifanc i ddatblygu cyfleoedd a phrofiadau diddorol, heriol a chreadigol. Rydym yn helpu pobl ifanc i gyflawni eu potensial unigryw.[\/vc_column_text][\/vc_column_inner][\/vc_row_inner][\/vc_tta_section][vc_tta_section title=&#8221;Tai&#8221; tab_id=&#8221;1591172043789-c213c127-99fe&#8221;][vc_row_inner][vc_column_inner width=&#8221;2\/3&#8243;][vc_column_text]Os ydych rhwng 18 a 21 oed ac mewn perygl o ddigartrefedd gallwch gael gafael ar gymorth arbenigol yn ein Porth Llety Pobl Ifanc:[\/vc_column_text][\/vc_column_inner][vc_column_inner width=&#8221;1\/3&#8243;][vc_single_image image=&#8221;251&#8243; alignment=&#8221;center&#8221; style=&#8221;vc_box_shadow&#8221; onclick=&#8221;custom_link&#8221; link=&#8221;https:\/\/www.cardiff.gov.uk\/CYM\/preswylydd\/Tai\/digartrefedd\/pobl-ifanc\/Pages\/default.aspx&#8221;][\/vc_column_inner][\/vc_row_inner][vc_separator color=&#8221;violet&#8221;][vc_row_inner][vc_column_inner width=&#8221;2\/3&#8243;][vc_column_text]Cefnogir Tai Caerdydd gan Gyngor Caerdydd a Chymdeithasau Tai Caerdydd, Cadwyn, Cymdeithas Tai Cymunedol Caerdydd, Hafod, Linc, Newydd, Cymdeithas Tai Taf, Unedig Cymru a Thai Wales &amp; West. Mae\u2019r wefan yn cynnig gwybodaeth am lety rhent a fforddiadwy yng Nghaerdydd, gan gynnwys Rhestr Aros Tai Caerdydd, Cynlluniau Perchnogaeth Cartref \u00e2 Chymorth a Llety Rhent Preifat. Mae\u2019n ceisio helpu\u2019r rheini sy\u2019n edrych am d\u0177 i wneud gwahaniaeth am yr opsiwn mwyaf addas iddyn nhw.[\/vc_column_text][\/vc_column_inner][vc_column_inner width=&#8221;1\/3&#8243;][vc_single_image image=&#8221;3078&#8243; img_size=&#8221;medium&#8221; alignment=&#8221;center&#8221; style=&#8221;vc_box_shadow&#8221; onclick=&#8221;custom_link&#8221; css=&#8221;.vc_custom_1591177451537{margin-top: 25% !important;}&#8221; link=&#8221;https:\/\/www.cardiff.gov.uk\/CYM\/preswylydd\/Tai\/Pages\/default.aspx&#8221;][\/vc_column_inner][\/vc_row_inner][vc_separator color=&#8221;violet&#8221;][vc_row_inner][vc_column_inner width=&#8221;2\/3&#8243;][vc_column_text]Gellir dod o hyd i wybodaeth ychwanegol am Tai yng Nghaerdydd ar Dewis Cymru[\/vc_column_text][\/vc_column_inner][vc_column_inner width=&#8221;1\/3&#8243;][vc_single_image image=&#8221;1613&#8243; alignment=&#8221;center&#8221; style=&#8221;vc_box_shadow&#8221; onclick=&#8221;custom_link&#8221; link=&#8221;https:\/\/www.dewis.cymru\/SearchResults.aspx?q=*&amp;loc=&amp;d=&amp;c=14&amp;a=W06000015&amp;f=&amp;t=1&amp;o=&amp;st=-1&amp;nr=1&amp;nip=0&amp;l=&amp;af=&#8221;][\/vc_column_inner][\/vc_row_inner][\/vc_tta_section][vc_tta_section title=&#8221;Pethau i\u2019w Gwneud&#8221; tab_id=&#8221;1591172829853-b661faae-5567&#8243;][vc_row_inner][vc_column_inner width=&#8221;2\/3&#8243;][vc_column_text]Eisiau gwybod beth sy\u2019n digwydd yng Nghaerdydd? Oes pethau hoffet ti eu gweld? Ddim yn gwybod ble mae\u2019r parc agosaf, y clwb chwaraeon, cyfle gwirfoddol?[\/vc_column_text][\/vc_column_inner][vc_column_inner width=&#8221;1\/3&#8243;][vc_single_image image=&#8221;3193&#8243; img_size=&#8221;medium&#8221; alignment=&#8221;center&#8221; style=&#8221;vc_box_shadow&#8221; onclick=&#8221;custom_link&#8221; link=&#8221;http:\/\/thesprout.co.uk\/cy\/gwybodaeth\/pethau-i-wneud\/&#8221;][\/vc_column_inner][\/vc_row_inner][vc_separator color=&#8221;violet&#8221;][vc_row_inner][vc_column_inner width=&#8221;2\/3&#8243;][vc_column_text]Gellir dod o hyd i wybodaeth ychwanegol am Gweithgareddau ar gyfer plant a phobl ifanc yng Nghaerdydd ar Dewis Cymru[\/vc_column_text][\/vc_column_inner][vc_column_inner width=&#8221;1\/3&#8243;][vc_single_image image=&#8221;1613&#8243; alignment=&#8221;center&#8221; style=&#8221;vc_box_shadow&#8221; onclick=&#8221;custom_link&#8221; link=&#8221;https:\/\/www.dewis.cymru\/SearchResults.aspx?q=*&amp;loc=&amp;geo=&amp;d=&amp;t=1&amp;c=20&amp;a=W06000015&amp;o=&amp;sf=&amp;st=-1&amp;nr=1&amp;nip=0&amp;af=#results&#8221;][\/vc_column_inner][\/vc_row_inner][\/vc_tta_section][\/vc_tta_tour][\/vc_column][\/vc_row][vc_row][vc_column][vc_raw_html]JTNDZGl2JTIwaWQlM0QlMjJkb3dud3JhcCUyMiUzRSUwQSUyMCUyMCUzQ2RpdiUyMGNsYXNzJTNEJTIyZG93bmxlZnQlMjIlM0VBZG5vZGRhdSUzQyUyRmRpdiUzRSUyMCUyMCUyMCUyMCUwQSUyMCUyMCUzQ2RpdiUyMGNsYXNzJTNEJTIyZG93bnJpZ2h0JTIyJTNFJTNDaSUyMGNsYXNzJTNEJTIyZmFyJTIwZmEtYXJyb3ctYWx0LWNpcmNsZS1kb3duJTIyJTNFJTNDJTJGaSUzRSUzQyUyRmRpdiUzRSUwQSUzQyUyRmRpdiUzRSUwQQ==[\/vc_raw_html][vc_empty_space height=&#8221;90px&#8221;][\/vc_column][\/vc_row][vc_row][vc_column width=&#8221;1\/5&#8243;][vc_single_image image=&#8221;2249&#8243; img_size=&#8221;medium&#8221; style=&#8221;vc_box_shadow&#8221; onclick=&#8221;custom_link&#8221; link=&#8221;https:\/\/cardifffamilies.co.uk\/wp-content\/uploads\/Perthnasau-Iach-a-Diogel-WWA.pdf&#8221;][\/vc_column][vc_column width=&#8221;1\/5&#8243;][vc_single_image image=&#8221;2350&#8243; img_size=&#8221;medium&#8221; alignment=&#8221;center&#8221; style=&#8221;vc_box_shadow&#8221; onclick=&#8221;custom_link&#8221; link=&#8221;https:\/\/cardifffamilies.co.uk\/wp-content\/uploads\/Poster-2-Perthnasau-ar-lein_-cydsyniad-1.pdf&#8221;][\/vc_column][vc_column width=&#8221;1\/5&#8243;][vc_single_image image=&#8221;2354&#8243; img_size=&#8221;medium&#8221; alignment=&#8221;center&#8221; style=&#8221;vc_box_shadow&#8221; onclick=&#8221;custom_link&#8221; link=&#8221;https:\/\/cardifffamilies.co.uk\/wp-content\/uploads\/Poster-3-Perthnasau-syn-Niweidio-1.pdf&#8221;][\/vc_column][vc_column width=&#8221;1\/5&#8243;][vc_single_image image=&#8221;2358&#8243; img_size=&#8221;medium&#8221; alignment=&#8221;center&#8221; style=&#8221;vc_box_shadow&#8221; onclick=&#8221;custom_link&#8221; link=&#8221;https:\/\/cardifffamilies.co.uk\/wp-content\/uploads\/Poster-4-Ymdopi-ag-amser-caled-1.pdf&#8221;][\/vc_column][vc_column width=&#8221;1\/5&#8243;][vc_single_image image=&#8221;2362&#8243; img_size=&#8221;medium&#8221; alignment=&#8221;center&#8221; style=&#8221;vc_box_shadow&#8221; onclick=&#8221;custom_link&#8221; link=&#8221;https:\/\/cardifffamilies.co.uk\/wp-content\/uploads\/Poster-5-Rheoli-neu-Ofalu-1.pdf&#8221;][\/vc_column][\/vc_row][vc_row][vc_column][vc_separator color=&#8221;violet&#8221;][\/vc_column][\/vc_row][vc_row][vc_column width=&#8221;1\/2&#8243;][vc_single_image image=&#8221;2486&#8243; img_size=&#8221;medium&#8221; style=&#8221;vc_box_shadow&#8221; onclick=&#8221;custom_link&#8221; link=&#8221;https:\/\/cardifffamilies.co.uk\/wp-content\/uploads\/Substance-misuse-promo-flyer.pdf&#8221;][\/vc_column][vc_column width=&#8221;1\/2&#8243;][\/vc_column][\/vc_row]<\/p>\n<\/div>","protected":false},"excerpt":{"rendered":"[vc_row css=&#8221;.vc_custom_1628591232124{padding-top: 45px !important;}&#8221;][vc_column][vc_column_text css=&#8221;&#8221;]Dewch o hyd i wybodaeth a chyngor ar gyfer plant a phobl ifanc.[\/vc_column_text][\/vc_column][\/vc_row][vc_row css=&#8221;.vc_custom_1590750257980{margin-top: 20px !important;}&#8221;][vc_column width=&#8221;2\/3&#8243;][vc_column_text] Beth Nesaf? Eich Bywyd. Eich Dyfodol. \u00a0Gwefan i bobl ifanc, sy&#8217;n cynnal darpariaeth a chyfleoedd sydd ar gael yng Nghaerdydd. &#8220;Bobl ifanc Caerdydd! Ydych chi a&#8217;ch ffrindiau wedi drysu yngl\u0177n \u00e2&#8217;r dyfodol? Fel Brandon,&#8230; <a class=\"view-article\" href=\"https:\/\/www.cardifffamilies.co.uk\/cy\/gweithgareddau-plant-a-phobl-ifanc\/\">View Article<\/a>","protected":false},"author":1,"featured_media":0,"parent":0,"menu_order":0,"comment_status":"closed","ping_status":"closed","template":"FeaturedImage.php","meta":{"_acf_changed":false,"footnotes":""},"class_list":["post-271","page","type-page","status-publish","hentry"],"acf":[],"_links":{"self":[{"href":"https:\/\/www.cardifffamilies.co.uk\/cy\/wp-json\/wp\/v2\/pages\/271","targetHints":{"allow":["GET"]}}],"collection":[{"href":"https:\/\/www.cardifffamilies.co.uk\/cy\/wp-json\/wp\/v2\/pages"}],"about":[{"href":"https:\/\/www.cardifffamilies.co.uk\/cy\/wp-json\/wp\/v2\/types\/page"}],"author":[{"embeddable":true,"href":"https:\/\/www.cardifffamilies.co.uk\/cy\/wp-json\/wp\/v2\/users\/1"}],"replies":[{"embeddable":true,"href":"https:\/\/www.cardifffamilies.co.uk\/cy\/wp-json\/wp\/v2\/comments?post=271"}],"version-history":[{"count":5,"href":"https:\/\/www.cardifffamilies.co.uk\/cy\/wp-json\/wp\/v2\/pages\/271\/revisions"}],"predecessor-version":[{"id":7951,"href":"https:\/\/www.cardifffamilies.co.uk\/cy\/wp-json\/wp\/v2\/pages\/271\/revisions\/7951"}],"wp:attachment":[{"href":"https:\/\/www.cardifffamilies.co.uk\/cy\/wp-json\/wp\/v2\/media?parent=271"}],"curies":[{"name":"wp","href":"https:\/\/api.w.org\/{rel}","templated":true}]}}