{"id":165,"date":"2019-05-17T09:47:04","date_gmt":"2019-05-17T09:47:04","guid":{"rendered":"https:\/\/app-cprd-familyadvice.azurewebsites.net\/?page_id=165"},"modified":"2026-01-16T14:38:58","modified_gmt":"2026-01-16T14:38:58","slug":"proffesiynol","status":"publish","type":"page","link":"https:\/\/www.cardifffamilies.co.uk\/cy\/proffesiynol\/","title":{"rendered":"Proffesiynol"},"content":{"rendered":"<div class=\"wpb-content-wrapper\"><p>[vc_row][vc_column width=&#8221;2\/3&#8243; css=&#8221;.vc_custom_1591868251786{margin-top: 4% !important;}&#8221;][vc_single_image image=&#8221;318&#8243; img_size=&#8221;full&#8221; el_class=&#8221;imagedropshadow&#8221;][\/vc_column][vc_column width=&#8221;1\/3&#8243;][vc_raw_html]JTNDZGl2JTIwaWQlM0QlMjJkb3dud3JhcCUyMiUzRSUwQSUyMCUyMCUzQ2RpdiUyMGNsYXNzJTNEJTIyZG93bmxlZnQlMjIlM0VBZG5vZGRhdSUzQyUyRmRpdiUzRSUyMCUyMCUyMCUyMCUwQSUyMCUyMCUzQ2RpdiUyMGNsYXNzJTNEJTIyZG93bnJpZ2h0JTIyJTNFJTNDaSUyMGNsYXNzJTNEJTIyZmFyJTIwZmEtYXJyb3ctYWx0LWNpcmNsZS1kb3duJTIyJTNFJTNDJTJGaSUzRSUzQyUyRmRpdiUzRSUwQSUzQyUyRmRpdiUzRQ==[\/vc_raw_html][vc_empty_space height=&#8221;60px&#8221;][vc_column_text]<\/p>\n<ul>\n<li><a href=\"https:\/\/cardifffamilies.co.uk\/wp-content\/uploads\/Assessment-of-Need-cy-2.pdf\" rel=\"noopener noreferrer\">Asesiad Anghenion<\/a><\/li>\n<li><a href=\"https:\/\/cardifffamilies.co.uk\/wp-content\/uploads\/Approaches-and-Interventions-welsh.pdf\" rel=\"noopener noreferrer\">Dulliau ac Ymyriadau<\/a><\/li>\n<li><a href=\"https:\/\/cardifffamilies.co.uk\/wp-content\/uploads\/Cadw-plant-a-phobl-ifanc-yn-ddiogel-canllaw-anstatudol-i-ymarferwr-Canllawiau-diogelu-ar-gyfer-ymarferwyr-syn-gweithio-gyda-phlant-hys-at-18-oed.pdf\" rel=\"noopener noreferrer\">Cadw plant a phobl ifanc yn ddiogel<\/a><\/li>\n<li><a href=\"https:\/\/cardifffamilies.co.uk\/cy\/rhieni-a-gofalwyr\/bod-yn-rhiant-ifanc\/\" rel=\"noopener noreferrer\">Bod yn Rhiant Ifanc<\/a><\/li>\n<\/ul>\n<p>[\/vc_column_text][\/vc_column][\/vc_row][vc_row css=&#8221;.vc_custom_1558096941525{padding-top: 40px !important;}&#8221;][vc_column css=&#8221;.vc_custom_1558103806390{padding-right: 5% !important;}&#8221;][vc_column_text]<\/p>\n<h1>Proffesiynol<\/h1>\n<p>Mae\u2019r rhan hon o\u2019r wefan yn berthnasol i chi os ydych yn gweithio gyda rhieni, plant a phobl ifanc a\u2019u teuluoedd yn rhinwedd eich swydd neu fel gwirfoddolwr.<\/p>\n<h2>Cyngor a Chymorth i Deuluoedd Caerdydd<\/h2>\n<p>Mae Cyngor a Chymorth i Deuluoedd Caerdydd yn cyfuno amrywiaeth o wasanaethau gwybodaeth, cynghori, cymorth a chefnogaeth i blant, pobl ifanc a\u2019u teuluoedd yng Nghaerdydd trwy ddatblygu un pwynt mynediad.<br \/>\nMae\u2019r llwybr atgyfeirio clir a hygyrch ar gael i unrhyw un sydd am ddysgu mwy am y cymorth sydd ar gael i blant, pobl ifanc a\u2019u teuluoedd neu sydd \u00e2 phryderon yngl\u0177n \u00e2 lles plant.<\/p>\n<p>Gall atgyfeiriadau neu geisiadau am gyngor neu gyfeirio gael eu gwneud gan weithwyr proffesiynol neu aelodau\u2019r cyhoedd.<\/p>\n<p>Os oes gennych bryderon diogelu o ran plentyn, person ifanc neu deulu, cysylltwch \u00e2\u2019r <a href=\"https:\/\/www.cardiff.gov.uk\/CYM\/preswylydd\/Gwasanaethau-Cymdeithasol-a-Lles\/Plant\/Amddiffyn-plant\/Pages\/default.aspx\">Hyb Diogelu Amlasiantaeth (HDA).<\/a>[\/vc_column_text][\/vc_column][\/vc_row][vc_row][vc_column][vc_separator color=&#8221;violet&#8221;][\/vc_column][\/vc_row][vc_row][vc_column][vc_column_text css=&#8221;&#8221;]<\/p>\n<h3>Rhianta<\/h3>\n<p>Mae <a href=\"https:\/\/cardifffamilies.co.uk\/cy\/rhianta-caerdydd-0-18\/\">Rhianta Caerdydd 0-18<\/a> ar gyfer unrhyw deulu sy\u2019n disgwyl plentyn neu sydd \u00e2 phlentyn neu berson ifanc rhwng 0 a 18 oed ac yn byw yng Nghaerdydd.<\/p>\n<p>Gellir dod o hyd i wybodaeth ychwanegol am Riantau yng Nghaerdydd ar <a href=\"https:\/\/www.dewis.cymru\/SearchResults.aspx?q=rhianta&amp;loc=&amp;geo=&amp;d=&amp;t=1&amp;c=&amp;a=W06000015&amp;o=&amp;sf=&amp;st=-1&amp;nr=1&amp;nip=0&amp;af=#results\">Dewis Cymru (Rhianta)<\/a><\/p>\n<h3>Tai<\/h3>\n<p>Mae\u2019r <a href=\"https:\/\/www.cardiffhousing.co.uk\/\">wefan Tai Caerdydd<\/a> yn cynnig gwybodaeth am lety rhent a fforddiadwy yng Nghaerdydd, gan gynnwys Rhestr Aros Tai Caerdydd, Cynlluniau Perchnogaeth Cartref \u00e2 Chymorth a Llety Rhent Preifat. Mae\u2019n ceisio helpu\u2019r rheini sy\u2019n edrych am d\u0177 i wneud gwahaniaeth am yr opsiwn mwyaf addas iddyn nhw.<\/p>\n<p>Gellir dod o hyd i wybodaeth ychwanegol am Tai yng Nghaerdydd ar <a href=\"https:\/\/www.dewis.cymru\/SearchResults.aspx?q=*&amp;loc=&amp;d=&amp;c=14&amp;a=W06000015&amp;f=&amp;t=1&amp;o=&amp;st=-1&amp;nr=1&amp;nip=0&amp;l=&amp;af=\">Dewis Cymru (tai)<\/a>.<\/p>\n<h3>Arian<\/h3>\n<p>Os ydych yn cael trafferth i <a href=\"https:\/\/www.cardiffmoneyadvice.co.uk\/cy\/\">reoli eich arian<\/a>, gallwn gynnig help a chefnogaeth mewn nifer o feysydd fel cyllidebu, cynyddu incwm a rheoli dyledion.<\/p>\n<p>Mae\u00a0<a href=\"https:\/\/hybiaucaerdydd.co.uk\/hybs\/\">hybiau\u2019n\u00a0<\/a>cynnig nifer o wasanaethau dan un to o gyngor, budd-daliadau a thai yn ogystal \u00e2 digwyddiadau, hyfforddiant a mynediad i\u2019r rhyngrwyd.<\/p>\n<p>Gellir dod o hyd i wybodaeth ychwanegol am Arian yng Nghaerdydd ar <a href=\"https:\/\/www.dewis.cymru\/SearchResults.aspx?q=arian&amp;loc=&amp;d=&amp;c=&amp;a=W06000015&amp;f=&amp;t=1&amp;o=&amp;st=-1&amp;nr=1&amp;nip=0&amp;l=&amp;af=\">Dewis Cymru (arian)<\/a><\/p>\n<h3>Gofal plant<\/h3>\n<p>Mae <a href=\"https:\/\/cardifffamilies.co.uk\/cy\/gofal-plant-caerdydd\/gofal-plant-caerdydd-cymorth-busnes\/\">T\u00eem Cymorth Busnes Gofal Plant Caerdydd<\/a> ar gael i roi cefnogaeth ac arweiniad arbenigol i chi sy\u2019n ymdrin \u00e2 phob agwedd ar redeg darpariaeth gofal plant lwyddiannus o nodi lle mae angen gofal plant newydd, sut i\u2019w sefydlu a sut i\u2019w wneud yn llwyddiannus.<\/p>\n<p>Mae\u2019r <a href=\"https:\/\/www.cardifffamilies.co.uk\/cy\/proffesiynol\/datblygur-gweithlu-ar-ganolfan-achrededig\/\">Ganolfan Datblygu Gweithlu ac Achrededig<\/a> yn darparu ystod o gyrsiau hyfforddi ar gyfer yr holl staff gofal plant yng Nghaerdydd.<\/p>\n<p>Mae\u2019r <a href=\"http:\/\/www.ggd.cymru\/fis\/W06000015\">T\u00eem Gwybodaeth Porth Teulu<\/a> wrth law i\u2019ch cefnogi i sicrhau bod manylion eich gosodiadau gofal plant ar\u00a0<a href=\"http:\/\/www.gwybodaethgofalplant.cymru\/home\" rel=\"noopener\">Gwybodaeth Gofal Plant<\/a>\u00a0\u00a0yn gywir ac yn gyfredol.<\/p>\n<p>Dewch o hyd i ofal <a href=\"http:\/\/www.ggd.cymru\/fis\/W06000015\">plant cofrestredig yng Nghaerdydd<\/a>.<\/p>\n<p><a href=\"https:\/\/www.cardiff.gov.uk\/CYM\/preswylydd\/Ysgolion-a-dysgu\/Y-blynyddoedd-cynnar-a-gofal-plant\/Gofal-Plant-a-Ariennir-gan-y-Llywodraeth\/Pages\/default.aspx\">Y Cynnig Gofal Plant i rai 3 a 4 oed.<\/a><\/p>\n<h3>Addysg a hyffordiant<\/h3>\n<p>Mae\u2019r gwasanaeth Cymorth Cynnar wedi ymrwymo i ddatblygu sgiliau ei weithwyr ac mae\u2019n cydnabod y gall fod o fudd i\u2019r sefydliad, gweithwyr, defnyddwyr gwasanaeth a\u2019n partneriaid sy\u2019n gweithio trwy ddilyn cyrsiau a chymwysterau DPP newydd. Mae t\u00eem <a href=\"https:\/\/www.cardifffamilies.co.uk\/cy\/proffesiynol\/datblygur-gweithlu-ar-ganolfan-achrededig\/\">Datblygu\u2019r Gweithlu Cymorth Cynnar<\/a> yn cynnal rhaglen hyfforddi flynyddol wedi\u2019i hanelu at yr holl weithwyr proffesiynol sy\u2019n gweithio gyda phobl ifanc a theuluoedd mewn r\u00f4l ymyrraeth gynnar.<\/p>\n<p>Gwneud cais am <a href=\"https:\/\/www.cardiff.gov.uk\/CYM\/preswylydd\/Ysgolion-a-dysgu\/Ysgolion\/Pages\/default.aspx\">le ysgol, dyddiadau tymor ysgol, dalgylchoedd, sut i gysylltu ag ysgol ac cefnogaeth Anghenion Addysg Arbennig<\/a>.<\/p>\n<p>Rydym yn <a href=\"https:\/\/www.adultlearningcardiff.co.uk\/cy\/\">darparu cyrsiau<\/a> sy\u2019n addas ar gyfer pob dysgwr o bob gallu yn Awdurdod Lleol Caerdydd.<\/p>\n<p>Gellir dod o hyd i wybodaeth ychwanegol am Addysg a Hyfforddiant yng Nghaerdydd ar <a href=\"https:\/\/www.dewis.cymru\/SearchResults.aspx?q=Addysg+a+Hyfforddiant&amp;loc=&amp;d=&amp;c=&amp;a=W06000015&amp;f=&amp;t=1&amp;o=&amp;st=-1&amp;nr=1&amp;nip=0&amp;l=&amp;af=\">Dewis Cymru (addysg a hyffordiant)<\/a>.<\/p>\n<h3>Anghenion ychwanegol<\/h3>\n<p><a href=\"https:\/\/www.cardifffamilies.co.uk\/cy\/rhieni-a-gofalwyr\/plant-ag-anableddau-neu-anghenion-ychwanegol\/y-mynegai\/\">Y Mynegai<\/a> yw cofrestr wirfoddol Caerdydd ar gyfer plant a phobl ifanc ag anableddau neu anghenion ychwanegol.<\/p>\n<p>Gellir dod o hyd i wybodaeth ychwanegol am Anableddau neu Anghenion Ychwanegol yng Nghaerdydd ar <a href=\"https:\/\/www.dewis.cymru\/SearchResults.aspx?q=Anableddau+neu+Anghenion+Ychwanegol&amp;loc=&amp;d=&amp;c=&amp;a=W06000015&amp;f=&amp;t=1&amp;o=&amp;st=-1&amp;nr=1&amp;nip=0&amp;l=&amp;af=\">Dewis Cymru (anghenion ychwanegol)<\/a>.<\/p>\n<h3>Cyflogaeth<\/h3>\n<p>Mae\u2019r\u00a0<a href=\"https:\/\/www.intoworkcardiff.co.uk\/cy\/\">Gwasanaeth i Mewn i Waith<\/a>\u00a0yn cynnig cymorth cyflogaeth a digidol i unigolion sy\u2019n chwilio am gyflogaeth neu sydd eisiau uwch-sgilio. Does dim angen i chi fod allan o waith i ddefnyddio\u2019r gwasanaethau hyn.<\/p>\n<p>Gellir dod o hyd i wybodaeth ychwanegol am Cyflogaeth yng Nghaerdydd ar <a href=\"https:\/\/www.dewis.cymru\/SearchResults.aspx?q=cyflogaeth&amp;loc=&amp;d=&amp;c=&amp;a=W06000015&amp;f=&amp;t=1&amp;o=&amp;st=-1&amp;nr=1&amp;nip=0&amp;l=&amp;af=\">Dewis Cymru (Cyflogaeth)<\/a>.<\/p>\n<h3>Iechyd corfforol, emosiynol a meddyliol<\/h3>\n<p>Gellir dod o hyd i wybodaeth ychwanegol am Iechyd yng Nghaerdydd ar <a href=\"https:\/\/www.dewis.cymru\/SearchResults.aspx?q=*&amp;loc=&amp;d=&amp;c=26&amp;a=W06000015&amp;f=&amp;t=1&amp;o=&amp;st=-1&amp;nr=1&amp;nip=0&amp;l=&amp;af=\">Dewis Cymru (Iechyd)<\/a>.<\/p>\n<p><a href=\"https:\/\/www.barnardos.org.uk\/get-support\/services\/family-wellbeing-service-cardiff\">Barnardos Gwasanaeth Lles Teuluol<\/a>.[\/vc_column_text][\/vc_column][\/vc_row][vc_row css=&#8221;.vc_custom_1591868351250{margin-top: 5% !important;}&#8221;][vc_column][vc_separator color=&#8221;violet&#8221;][\/vc_column][\/vc_row]<\/p>\n<\/div>","protected":false},"excerpt":{"rendered":"[vc_row][vc_column width=&#8221;2\/3&#8243; css=&#8221;.vc_custom_1591868251786{margin-top: 4% !important;}&#8221;][vc_single_image image=&#8221;318&#8243; img_size=&#8221;full&#8221; el_class=&#8221;imagedropshadow&#8221;][\/vc_column][vc_column width=&#8221;1\/3&#8243;][vc_raw_html]JTNDZGl2JTIwaWQlM0QlMjJkb3dud3JhcCUyMiUzRSUwQSUyMCUyMCUzQ2RpdiUyMGNsYXNzJTNEJTIyZG93bmxlZnQlMjIlM0VBZG5vZGRhdSUzQyUyRmRpdiUzRSUyMCUyMCUyMCUyMCUwQSUyMCUyMCUzQ2RpdiUyMGNsYXNzJTNEJTIyZG93bnJpZ2h0JTIyJTNFJTNDaSUyMGNsYXNzJTNEJTIyZmFyJTIwZmEtYXJyb3ctYWx0LWNpcmNsZS1kb3duJTIyJTNFJTNDJTJGaSUzRSUzQyUyRmRpdiUzRSUwQSUzQyUyRmRpdiUzRQ==[\/vc_raw_html][vc_empty_space height=&#8221;60px&#8221;][vc_column_text] Asesiad Anghenion Dulliau ac Ymyriadau Cadw plant a phobl ifanc yn ddiogel Bod yn Rhiant Ifanc [\/vc_column_text][\/vc_column][\/vc_row][vc_row css=&#8221;.vc_custom_1558096941525{padding-top: 40px !important;}&#8221;][vc_column css=&#8221;.vc_custom_1558103806390{padding-right: 5% !important;}&#8221;][vc_column_text] Proffesiynol Mae\u2019r rhan hon o\u2019r wefan yn berthnasol i chi os ydych yn gweithio gyda rhieni, plant a phobl ifanc a\u2019u teuluoedd&#8230; <a class=\"view-article\" href=\"https:\/\/www.cardifffamilies.co.uk\/cy\/proffesiynol\/\">View Article<\/a>","protected":false},"author":1,"featured_media":0,"parent":0,"menu_order":0,"comment_status":"closed","ping_status":"closed","template":"FeaturedImage.php","meta":{"_acf_changed":false,"footnotes":""},"class_list":["post-165","page","type-page","status-publish","hentry"],"acf":[],"_links":{"self":[{"href":"https:\/\/www.cardifffamilies.co.uk\/cy\/wp-json\/wp\/v2\/pages\/165","targetHints":{"allow":["GET"]}}],"collection":[{"href":"https:\/\/www.cardifffamilies.co.uk\/cy\/wp-json\/wp\/v2\/pages"}],"about":[{"href":"https:\/\/www.cardifffamilies.co.uk\/cy\/wp-json\/wp\/v2\/types\/page"}],"author":[{"embeddable":true,"href":"https:\/\/www.cardifffamilies.co.uk\/cy\/wp-json\/wp\/v2\/users\/1"}],"replies":[{"embeddable":true,"href":"https:\/\/www.cardifffamilies.co.uk\/cy\/wp-json\/wp\/v2\/comments?post=165"}],"version-history":[{"count":6,"href":"https:\/\/www.cardifffamilies.co.uk\/cy\/wp-json\/wp\/v2\/pages\/165\/revisions"}],"predecessor-version":[{"id":8680,"href":"https:\/\/www.cardifffamilies.co.uk\/cy\/wp-json\/wp\/v2\/pages\/165\/revisions\/8680"}],"wp:attachment":[{"href":"https:\/\/www.cardifffamilies.co.uk\/cy\/wp-json\/wp\/v2\/media?parent=165"}],"curies":[{"name":"wp","href":"https:\/\/api.w.org\/{rel}","templated":true}]}}